{"id":1792,"date":"2025-01-12T12:19:17","date_gmt":"2025-01-12T12:19:17","guid":{"rendered":"https:\/\/king-size.nl\/manuelles-anhaengernetz\/"},"modified":"2025-01-31T07:49:40","modified_gmt":"2025-01-31T07:49:40","slug":"manuelles-anhaengernetz","status":"publish","type":"page","link":"https:\/\/king-size.nl\/de\/manuelles-anhaengernetz\/","title":{"rendered":"Manuelles Anh\u00e4ngernetz"},"content":{"rendered":"[vc_row type=&#8220;full_width_background&#8220; full_screen_row_position=&#8220;middle&#8220; column_margin=&#8220;default&#8220; column_direction=&#8220;default&#8220; column_direction_tablet=&#8220;default&#8220; column_direction_phone=&#8220;default&#8220; scene_position=&#8220;center&#8220; translate_y=&#8220;-50&#8243; text_color=&#8220;dark&#8220; text_align=&#8220;left&#8220; row_border_radius=&#8220;none&#8220; row_border_radius_applies=&#8220;bg&#8220; overflow=&#8220;visible&#8220; color_overlay_2=&#8220;rgba(129,215,66,0.01)&#8220; advanced_gradient_angle=&#8220;0&#8243; overlay_strength=&#8220;1&#8243; gradient_direction=&#8220;top_to_bottom&#8220; shape_divider_color=&#8220;#ffffff&#8220; shape_divider_position=&#8220;top&#8220; shape_divider_height=&#8220;100px&#8220; shape_divider_bring_to_front=&#8220;true&#8220; bg_image_animation=&#8220;none&#8220; gradient_type=&#8220;default&#8220; shape_type=&#8220;tilt_alt&#8220;][vc_column column_padding=&#8220;padding-3-percent&#8220; column_padding_tablet=&#8220;inherit&#8220; column_padding_phone=&#8220;inherit&#8220; column_padding_position=&#8220;top-bottom&#8220; top_margin=&#8220;5%&#8220; column_element_direction_desktop=&#8220;default&#8220; column_element_spacing=&#8220;default&#8220; desktop_text_alignment=&#8220;default&#8220; tablet_text_alignment=&#8220;default&#8220; phone_text_alignment=&#8220;default&#8220; background_color_opacity=&#8220;1&#8243; background_hover_color_opacity=&#8220;1&#8243; column_backdrop_filter=&#8220;none&#8220; font_color=&#8220;#ffffff&#8220; column_shadow=&#8220;none&#8220; column_border_radius=&#8220;none&#8220; column_link_target=&#8220;_self&#8220; column_position=&#8220;default&#8220; advanced_gradient_angle=&#8220;0&#8243; gradient_direction=&#8220;left_to_right&#8220; overlay_strength=&#8220;0.3&#8243; width=&#8220;1\/1&#8243; tablet_width_inherit=&#8220;default&#8220; animation_type=&#8220;default&#8220; bg_image_animation=&#8220;none&#8220; border_type=&#8220;simple&#8220; column_border_width=&#8220;none&#8220; column_border_style=&#8220;solid&#8220; gradient_type=&#8220;default&#8220; column_padding_type=&#8220;default&#8220;][vc_custom_heading text=&#8220;Manuelles Anh\u00e4ngernetz&#8220; font_container=&#8220;tag:h1|text_align:center|color:%23e6007d&#8220; use_theme_fonts=&#8220;yes&#8220; css=&#8220;&#8220;][\/vc_column][\/vc_row][vc_row type=&#8220;full_width_background&#8220; full_screen_row_position=&#8220;middle&#8220; column_margin=&#8220;default&#8220; column_direction=&#8220;default&#8220; column_direction_tablet=&#8220;default&#8220; column_direction_phone=&#8220;default&#8220; bg_color=&#8220;#0e1731&#8243; scene_position=&#8220;center&#8220; bottom_padding=&#8220;10%&#8220; constrain_group_2=&#8220;yes&#8220; translate_y=&#8220;-50&#8243; text_color=&#8220;dark&#8220; text_align=&#8220;left&#8220; row_border_radius=&#8220;none&#8220; row_border_radius_applies=&#8220;bg&#8220; overflow=&#8220;visible&#8220; overlay_strength=&#8220;0.3&#8243; gradient_direction=&#8220;left_to_right&#8220; shape_divider_position=&#8220;bottom&#8220; bg_image_animation=&#8220;none&#8220; gradient_type=&#8220;default&#8220; shape_type=&#8220;&#8220;][vc_column column_padding=&#8220;padding-2-percent&#8220; column_padding_tablet=&#8220;inherit&#8220; column_padding_phone=&#8220;inherit&#8220; column_padding_position=&#8220;all&#8220; column_element_direction_desktop=&#8220;default&#8220; column_element_spacing=&#8220;default&#8220; desktop_text_alignment=&#8220;default&#8220; tablet_text_alignment=&#8220;default&#8220; phone_text_alignment=&#8220;default&#8220; background_color_opacity=&#8220;1&#8243; background_hover_color_opacity=&#8220;1&#8243; column_backdrop_filter=&#8220;none&#8220; font_color=&#8220;#0e1731&#8243; column_shadow=&#8220;none&#8220; column_border_radius=&#8220;10px&#8220; column_link_target=&#8220;_self&#8220; column_position=&#8220;default&#8220; gradient_direction=&#8220;left_to_right&#8220; overlay_strength=&#8220;0.3&#8243; width=&#8220;1\/4&#8243; tablet_width_inherit=&#8220;default&#8220; animation_type=&#8220;default&#8220; bg_image_animation=&#8220;none&#8220; border_type=&#8220;simple&#8220; column_border_width=&#8220;none&#8220; column_border_style=&#8220;solid&#8220; column_padding_type=&#8220;default&#8220; gradient_type=&#8220;default&#8220;][\/vc_column][vc_column column_padding=&#8220;padding-2-percent&#8220; column_padding_tablet=&#8220;inherit&#8220; column_padding_phone=&#8220;inherit&#8220; column_padding_position=&#8220;all&#8220; column_element_direction_desktop=&#8220;default&#8220; column_element_spacing=&#8220;default&#8220; desktop_text_alignment=&#8220;default&#8220; tablet_text_alignment=&#8220;default&#8220; phone_text_alignment=&#8220;default&#8220; background_color=&#8220;#ffffff&#8220; background_color_opacity=&#8220;1&#8243; background_hover_color_opacity=&#8220;1&#8243; column_backdrop_filter=&#8220;none&#8220; font_color=&#8220;#0e1731&#8243; column_shadow=&#8220;none&#8220; column_border_radius=&#8220;10px&#8220; column_link_target=&#8220;_self&#8220; column_position=&#8220;default&#8220; gradient_direction=&#8220;left_to_right&#8220; overlay_strength=&#8220;0.3&#8243; width=&#8220;1\/2&#8243; tablet_width_inherit=&#8220;default&#8220; animation_type=&#8220;default&#8220; bg_image_animation=&#8220;none&#8220; border_type=&#8220;simple&#8220; column_border_width=&#8220;none&#8220; column_border_style=&#8220;solid&#8220; column_padding_type=&#8220;default&#8220; gradient_type=&#8220;default&#8220;][image_with_animation image_url=&#8220;953&#8243; image_size=&#8220;full&#8220; animation_type=&#8220;entrance&#8220; animation=&#8220;None&#8220; animation_movement_type=&#8220;transform_y&#8220; hover_animation=&#8220;none&#8220; alignment=&#8220;&#8220; border_radius=&#8220;none&#8220; box_shadow=&#8220;none&#8220; image_loading=&#8220;default&#8220; max_width=&#8220;100%&#8220; max_width_mobile=&#8220;default&#8220;][vc_row_inner column_margin=&#8220;default&#8220; column_direction=&#8220;default&#8220; column_direction_tablet=&#8220;default&#8220; column_direction_phone=&#8220;default&#8220; text_align=&#8220;left&#8220; row_position=&#8220;default&#8220; row_position_tablet=&#8220;inherit&#8220; row_position_phone=&#8220;inherit&#8220; overflow=&#8220;visible&#8220; pointer_events=&#8220;all&#8220;][vc_column_inner column_padding=&#8220;no-extra-padding&#8220; column_padding_tablet=&#8220;inherit&#8220; column_padding_phone=&#8220;inherit&#8220; column_padding_position=&#8220;all&#8220; column_element_direction_desktop=&#8220;default&#8220; column_element_spacing=&#8220;default&#8220; desktop_text_alignment=&#8220;default&#8220; tablet_text_alignment=&#8220;default&#8220; phone_text_alignment=&#8220;default&#8220; background_color_opacity=&#8220;1&#8243; background_hover_color_opacity=&#8220;1&#8243; column_backdrop_filter=&#8220;none&#8220; column_shadow=&#8220;none&#8220; column_border_radius=&#8220;none&#8220; column_link_target=&#8220;_self&#8220; overflow=&#8220;visible&#8220; gradient_direction=&#8220;left_to_right&#8220; overlay_strength=&#8220;0.3&#8243; width=&#8220;1\/1&#8243; tablet_width_inherit=&#8220;default&#8220; animation_type=&#8220;default&#8220; bg_image_animation=&#8220;none&#8220; border_type=&#8220;simple&#8220; column_border_width=&#8220;none&#8220; column_border_style=&#8220;solid&#8220;][nectar_responsive_text inherited_font_style=&#8220;default&#8220; text_direction=&#8220;default&#8220;]\n<ol>\n<li>Bestimmen Sie vor dem Kauf des Anh\u00e4ngernetzes die ungef\u00e4hre Gr\u00f6\u00dfe des Objekts. Als Faustregel gilt, dass Sie sowohl in der Breite als auch in der L\u00e4nge einen Freiraum von 50 Zentimetern haben sollten. Auf diese Weise f\u00e4llt das Netz \u00fcber die R\u00e4nder des Tabletts und ist sicherer und besser gesch\u00fctzt. Das Material, das Sie durch das Anh\u00e4ngernetz zusammenhalten wollen, bestimmt, ob Sie ein feinmaschiges oder grobmaschiges Netz verwenden sollten. Legen Sie das Anh\u00e4ngernetz \u00fcber das Objekt. Achten Sie darauf, dass der Gegenstand so weit wie m\u00f6glich vom Netz bedeckt ist. Wie berichtet, sollten Sie sowohl in der Breite als auch in der L\u00e4nge einen Abstand von 50 Zentimetern einhalten. An der Unterseite des Anh\u00e4ngernetzes befindet sich ein Gummiband zur Sicherung des Netzes. Als N\u00e4chstes k\u00f6nnen Sie sich daf\u00fcr entscheiden, bei Bedarf Spanngummis zu verwenden. Spanngummis k\u00f6nnen leicht angebracht werden, um das Anh\u00e4ngernetz fest und sicher zu halten. Nach getaner Arbeit ist es am besten, das Gangway-Netz wieder sauber und trocken zusammenzulegen und es vor UV-Strahlung zu sch\u00fctzen. Auf diese Weise halten Sie das Anh\u00e4ngenetz in bestem Zustand.<\/li>\n<\/ol>\n[\/nectar_responsive_text][\/vc_column_inner][\/vc_row_inner][\/vc_column][vc_column column_padding=&#8220;no-extra-padding&#8220; column_padding_tablet=&#8220;inherit&#8220; column_padding_phone=&#8220;inherit&#8220; column_padding_position=&#8220;all&#8220; column_element_direction_desktop=&#8220;default&#8220; column_element_spacing=&#8220;default&#8220; desktop_text_alignment=&#8220;default&#8220; tablet_text_alignment=&#8220;default&#8220; phone_text_alignment=&#8220;default&#8220; background_color_opacity=&#8220;1&#8243; background_hover_color_opacity=&#8220;1&#8243; column_backdrop_filter=&#8220;none&#8220; column_shadow=&#8220;none&#8220; column_border_radius=&#8220;none&#8220; column_link_target=&#8220;_self&#8220; column_position=&#8220;default&#8220; gradient_direction=&#8220;left_to_right&#8220; overlay_strength=&#8220;0.3&#8243; width=&#8220;1\/4&#8243; tablet_width_inherit=&#8220;default&#8220; animation_type=&#8220;default&#8220; bg_image_animation=&#8220;none&#8220; border_type=&#8220;simple&#8220; column_border_width=&#8220;none&#8220; column_border_style=&#8220;solid&#8220;][\/vc_column][\/vc_row]\n","protected":false},"excerpt":{"rendered":"<p>[vc_row type=&#8220;full_width_background&#8220; full_screen_row_position=&#8220;middle&#8220; column_margin=&#8220;default&#8220; column_direction=&#8220;default&#8220; column_direction_tablet=&#8220;default&#8220; column_direction_phone=&#8220;default&#8220; scene_position=&#8220;center&#8220; translate_y=&#8220;-50&#8243; text_color=&#8220;dark&#8220; text_align=&#8220;left&#8220; row_border_radius=&#8220;none&#8220; row_border_radius_applies=&#8220;bg&#8220; overflow=&#8220;visible&#8220; color_overlay_2=&#8220;rgba(129,215,66,0.01)&#8220; advanced_gradient_angle=&#8220;0&#8243; overlay_strength=&#8220;1&#8243; gradient_direction=&#8220;top_to_bottom&#8220; shape_divider_color=&#8220;#ffffff&#8220; shape_divider_position=&#8220;top&#8220; shape_divider_height=&#8220;100px&#8220; shape_divider_bring_to_front=&#8220;true&#8220; bg_image_animation=&#8220;none&#8220; gradient_type=&#8220;default&#8220; shape_type=&#8220;tilt_alt&#8220;][vc_column column_padding=&#8220;padding-3-percent&#8220; column_padding_tablet=&#8220;inherit&#8220; column_padding_phone=&#8220;inherit&#8220; column_padding_position=&#8220;top-bottom&#8220; top_margin=&#8220;5%&#8220;&#8230;<\/p>\n","protected":false},"author":1,"featured_media":0,"parent":0,"menu_order":0,"comment_status":"closed","ping_status":"closed","template":"","meta":{"footnotes":""},"class_list":["post-1792","page","type-page","status-publish"],"yoast_head":"<!-- This site is optimized with the Yoast SEO plugin v26.5 - https:\/\/yoast.com\/wordpress\/plugins\/seo\/ -->\n<title>Manuelles Anh\u00e4ngernetz - KingSize<\/title>\n<meta name=\"robots\" content=\"index, follow, max-snippet:-1, max-image-preview:large, max-video-preview:-1\" \/>\n<link rel=\"canonical\" href=\"https:\/\/king-size.nl\/de\/manuelles-anhaengernetz\/\" \/>\n<meta property=\"og:locale\" content=\"de_DE\" \/>\n<meta property=\"og:type\" content=\"article\" \/>\n<meta property=\"og:title\" content=\"Manuelles Anh\u00e4ngernetz - KingSize\" \/>\n<meta property=\"og:description\" content=\"[vc_row type=&#8220;full_width_background&#8220; full_screen_row_position=&#8220;middle&#8220; column_margin=&#8220;default&#8220; column_direction=&#8220;default&#8220; column_direction_tablet=&#8220;default&#8220; column_direction_phone=&#8220;default&#8220; scene_position=&#8220;center&#8220; translate_y=&#8220;-50&#8243; text_color=&#8220;dark&#8220; text_align=&#8220;left&#8220; row_border_radius=&#8220;none&#8220; row_border_radius_applies=&#8220;bg&#8220; overflow=&#8220;visible&#8220; color_overlay_2=&#8220;rgba(129,215,66,0.01)&#8220; advanced_gradient_angle=&#8220;0&#8243; overlay_strength=&#8220;1&#8243; gradient_direction=&#8220;top_to_bottom&#8220; shape_divider_color=&#8220;#ffffff&#8220; shape_divider_position=&#8220;top&#8220; shape_divider_height=&#8220;100px&#8220; shape_divider_bring_to_front=&#8220;true&#8220; bg_image_animation=&#8220;none&#8220; gradient_type=&#8220;default&#8220; shape_type=&#8220;tilt_alt&#8220;][vc_column column_padding=&#8220;padding-3-percent&#8220; column_padding_tablet=&#8220;inherit&#8220; column_padding_phone=&#8220;inherit&#8220; column_padding_position=&#8220;top-bottom&#8220; top_margin=&#8220;5%&#8220;...\" \/>\n<meta property=\"og:url\" content=\"https:\/\/king-size.nl\/de\/manuelles-anhaengernetz\/\" \/>\n<meta property=\"og:site_name\" content=\"KingSize\" \/>\n<meta property=\"article:modified_time\" content=\"2025-01-31T07:49:40+00:00\" \/>\n<meta name=\"twitter:card\" content=\"summary_large_image\" \/>\n<meta name=\"twitter:label1\" content=\"Gesch\u00e4tzte Lesezeit\" \/>\n\t<meta name=\"twitter:data1\" content=\"5\u00a0Minuten\" \/>\n<script type=\"application\/ld+json\" class=\"yoast-schema-graph\">{\"@context\":\"https:\/\/schema.org\",\"@graph\":[{\"@type\":\"WebPage\",\"@id\":\"https:\/\/king-size.nl\/de\/manuelles-anhaengernetz\/\",\"url\":\"https:\/\/king-size.nl\/de\/manuelles-anhaengernetz\/\",\"name\":\"Manuelles Anh\u00e4ngernetz - KingSize\",\"isPartOf\":{\"@id\":\"https:\/\/king-size.nl\/de\/#website\"},\"datePublished\":\"2025-01-12T12:19:17+00:00\",\"dateModified\":\"2025-01-31T07:49:40+00:00\",\"breadcrumb\":{\"@id\":\"https:\/\/king-size.nl\/de\/manuelles-anhaengernetz\/#breadcrumb\"},\"inLanguage\":\"de\",\"potentialAction\":[{\"@type\":\"ReadAction\",\"target\":[\"https:\/\/king-size.nl\/de\/manuelles-anhaengernetz\/\"]}]},{\"@type\":\"BreadcrumbList\",\"@id\":\"https:\/\/king-size.nl\/de\/manuelles-anhaengernetz\/#breadcrumb\",\"itemListElement\":[{\"@type\":\"ListItem\",\"position\":1,\"name\":\"Home\",\"item\":\"https:\/\/king-size.nl\/de\/startseite\/\"},{\"@type\":\"ListItem\",\"position\":2,\"name\":\"Manuelles Anh\u00e4ngernetz\"}]},{\"@type\":\"WebSite\",\"@id\":\"https:\/\/king-size.nl\/de\/#website\",\"url\":\"https:\/\/king-size.nl\/de\/\",\"name\":\"KingSize\",\"description\":\"\",\"publisher\":{\"@id\":\"https:\/\/king-size.nl\/de\/#organization\"},\"potentialAction\":[{\"@type\":\"SearchAction\",\"target\":{\"@type\":\"EntryPoint\",\"urlTemplate\":\"https:\/\/king-size.nl\/de\/?s={search_term_string}\"},\"query-input\":{\"@type\":\"PropertyValueSpecification\",\"valueRequired\":true,\"valueName\":\"search_term_string\"}}],\"inLanguage\":\"de\"},{\"@type\":\"Organization\",\"@id\":\"https:\/\/king-size.nl\/de\/#organization\",\"name\":\"KingSize\",\"url\":\"https:\/\/king-size.nl\/de\/\",\"logo\":{\"@type\":\"ImageObject\",\"inLanguage\":\"de\",\"@id\":\"https:\/\/king-size.nl\/de\/#\/schema\/logo\/image\/\",\"url\":\"https:\/\/king-size.nl\/wp-content\/uploads\/2025\/01\/kingsize.png\",\"contentUrl\":\"https:\/\/king-size.nl\/wp-content\/uploads\/2025\/01\/kingsize.png\",\"width\":1000,\"height\":281,\"caption\":\"KingSize\"},\"image\":{\"@id\":\"https:\/\/king-size.nl\/de\/#\/schema\/logo\/image\/\"}}]}<\/script>\n<!-- \/ Yoast SEO plugin. -->","yoast_head_json":{"title":"Manuelles Anh\u00e4ngernetz - KingSize","robots":{"index":"index","follow":"follow","max-snippet":"max-snippet:-1","max-image-preview":"max-image-preview:large","max-video-preview":"max-video-preview:-1"},"canonical":"https:\/\/king-size.nl\/de\/manuelles-anhaengernetz\/","og_locale":"de_DE","og_type":"article","og_title":"Manuelles Anh\u00e4ngernetz - KingSize","og_description":"[vc_row type=&#8220;full_width_background&#8220; full_screen_row_position=&#8220;middle&#8220; column_margin=&#8220;default&#8220; column_direction=&#8220;default&#8220; column_direction_tablet=&#8220;default&#8220; column_direction_phone=&#8220;default&#8220; scene_position=&#8220;center&#8220; translate_y=&#8220;-50&#8243; text_color=&#8220;dark&#8220; text_align=&#8220;left&#8220; row_border_radius=&#8220;none&#8220; row_border_radius_applies=&#8220;bg&#8220; overflow=&#8220;visible&#8220; color_overlay_2=&#8220;rgba(129,215,66,0.01)&#8220; advanced_gradient_angle=&#8220;0&#8243; overlay_strength=&#8220;1&#8243; gradient_direction=&#8220;top_to_bottom&#8220; shape_divider_color=&#8220;#ffffff&#8220; shape_divider_position=&#8220;top&#8220; shape_divider_height=&#8220;100px&#8220; shape_divider_bring_to_front=&#8220;true&#8220; bg_image_animation=&#8220;none&#8220; gradient_type=&#8220;default&#8220; shape_type=&#8220;tilt_alt&#8220;][vc_column column_padding=&#8220;padding-3-percent&#8220; column_padding_tablet=&#8220;inherit&#8220; column_padding_phone=&#8220;inherit&#8220; column_padding_position=&#8220;top-bottom&#8220; top_margin=&#8220;5%&#8220;...","og_url":"https:\/\/king-size.nl\/de\/manuelles-anhaengernetz\/","og_site_name":"KingSize","article_modified_time":"2025-01-31T07:49:40+00:00","twitter_card":"summary_large_image","twitter_misc":{"Gesch\u00e4tzte Lesezeit":"5\u00a0Minuten"},"schema":{"@context":"https:\/\/schema.org","@graph":[{"@type":"WebPage","@id":"https:\/\/king-size.nl\/de\/manuelles-anhaengernetz\/","url":"https:\/\/king-size.nl\/de\/manuelles-anhaengernetz\/","name":"Manuelles Anh\u00e4ngernetz - KingSize","isPartOf":{"@id":"https:\/\/king-size.nl\/de\/#website"},"datePublished":"2025-01-12T12:19:17+00:00","dateModified":"2025-01-31T07:49:40+00:00","breadcrumb":{"@id":"https:\/\/king-size.nl\/de\/manuelles-anhaengernetz\/#breadcrumb"},"inLanguage":"de","potentialAction":[{"@type":"ReadAction","target":["https:\/\/king-size.nl\/de\/manuelles-anhaengernetz\/"]}]},{"@type":"BreadcrumbList","@id":"https:\/\/king-size.nl\/de\/manuelles-anhaengernetz\/#breadcrumb","itemListElement":[{"@type":"ListItem","position":1,"name":"Home","item":"https:\/\/king-size.nl\/de\/startseite\/"},{"@type":"ListItem","position":2,"name":"Manuelles Anh\u00e4ngernetz"}]},{"@type":"WebSite","@id":"https:\/\/king-size.nl\/de\/#website","url":"https:\/\/king-size.nl\/de\/","name":"KingSize","description":"","publisher":{"@id":"https:\/\/king-size.nl\/de\/#organization"},"potentialAction":[{"@type":"SearchAction","target":{"@type":"EntryPoint","urlTemplate":"https:\/\/king-size.nl\/de\/?s={search_term_string}"},"query-input":{"@type":"PropertyValueSpecification","valueRequired":true,"valueName":"search_term_string"}}],"inLanguage":"de"},{"@type":"Organization","@id":"https:\/\/king-size.nl\/de\/#organization","name":"KingSize","url":"https:\/\/king-size.nl\/de\/","logo":{"@type":"ImageObject","inLanguage":"de","@id":"https:\/\/king-size.nl\/de\/#\/schema\/logo\/image\/","url":"https:\/\/king-size.nl\/wp-content\/uploads\/2025\/01\/kingsize.png","contentUrl":"https:\/\/king-size.nl\/wp-content\/uploads\/2025\/01\/kingsize.png","width":1000,"height":281,"caption":"KingSize"},"image":{"@id":"https:\/\/king-size.nl\/de\/#\/schema\/logo\/image\/"}}]}},"_links":{"self":[{"href":"https:\/\/king-size.nl\/de\/wp-json\/wp\/v2\/pages\/1792","targetHints":{"allow":["GET"]}}],"collection":[{"href":"https:\/\/king-size.nl\/de\/wp-json\/wp\/v2\/pages"}],"about":[{"href":"https:\/\/king-size.nl\/de\/wp-json\/wp\/v2\/types\/page"}],"author":[{"embeddable":true,"href":"https:\/\/king-size.nl\/de\/wp-json\/wp\/v2\/users\/1"}],"replies":[{"embeddable":true,"href":"https:\/\/king-size.nl\/de\/wp-json\/wp\/v2\/comments?post=1792"}],"version-history":[{"count":8,"href":"https:\/\/king-size.nl\/de\/wp-json\/wp\/v2\/pages\/1792\/revisions"}],"predecessor-version":[{"id":1833,"href":"https:\/\/king-size.nl\/de\/wp-json\/wp\/v2\/pages\/1792\/revisions\/1833"}],"wp:attachment":[{"href":"https:\/\/king-size.nl\/de\/wp-json\/wp\/v2\/media?parent=1792"}],"curies":[{"name":"wp","href":"https:\/\/api.w.org\/{rel}","templated":true}]}}