{"id":1701,"date":"2025-01-20T12:43:16","date_gmt":"2025-01-20T12:43:16","guid":{"rendered":"https:\/\/king-size.nl\/ueber-uns\/"},"modified":"2026-01-23T11:08:17","modified_gmt":"2026-01-23T11:08:17","slug":"ueber-uns","status":"publish","type":"page","link":"https:\/\/king-size.nl\/de\/ueber-uns\/","title":{"rendered":"\u00dcber uns"},"content":{"rendered":"[vc_row type=&#8220;full_width_background&#8220; full_screen_row_position=&#8220;middle&#8220; column_margin=&#8220;default&#8220; column_direction=&#8220;default&#8220; column_direction_tablet=&#8220;default&#8220; column_direction_phone=&#8220;default&#8220; scene_position=&#8220;center&#8220; text_color=&#8220;dark&#8220; text_align=&#8220;left&#8220; row_border_radius=&#8220;none&#8220; row_border_radius_applies=&#8220;bg&#8220; row_position_desktop=&#8220;default&#8220; row_position_tablet=&#8220;inherit&#8220; row_position_phone=&#8220;inherit&#8220; overflow=&#8220;visible&#8220; color_overlay_2=&#8220;rgba(129,215,66,0.01)&#8220; advanced_gradient_angle=&#8220;0&#8243; overlay_strength=&#8220;1&#8243; gradient_direction=&#8220;top_to_bottom&#8220; shape_divider_color=&#8220;#ffffff&#8220; shape_divider_position=&#8220;top&#8220; shape_divider_height=&#8220;100px&#8220; shape_divider_bring_to_front=&#8220;true&#8220; bg_image_animation=&#8220;none&#8220; gradient_type=&#8220;default&#8220; shape_type=&#8220;tilt_alt&#8220;][vc_column column_padding=&#8220;padding-3-percent&#8220; column_padding_tablet=&#8220;inherit&#8220; column_padding_phone=&#8220;inherit&#8220; column_padding_position=&#8220;top-bottom&#8220; top_margin=&#8220;2%&#8220; constrain_group_1=&#8220;yes&#8220; bottom_margin=&#8220;2%&#8220; flex_gap_desktop=&#8220;10px&#8220; column_element_direction_desktop=&#8220;default&#8220; column_element_spacing=&#8220;default&#8220; centered_text=&#8220;true&#8220; desktop_text_alignment=&#8220;center&#8220; tablet_text_alignment=&#8220;default&#8220; phone_text_alignment=&#8220;default&#8220; background_color_opacity=&#8220;1&#8243; background_hover_color_opacity=&#8220;1&#8243; column_backdrop_filter=&#8220;none&#8220; font_color=&#8220;#ffffff&#8220; column_shadow=&#8220;none&#8220; column_border_radius=&#8220;none&#8220; column_link_target=&#8220;_self&#8220; column_position=&#8220;default&#8220; advanced_gradient_angle=&#8220;0&#8243; gradient_direction=&#8220;left_to_right&#8220; overlay_strength=&#8220;0.3&#8243; width=&#8220;1\/1&#8243; tablet_width_inherit=&#8220;default&#8220; animation_type=&#8220;default&#8220; bg_image_animation=&#8220;none&#8220; border_type=&#8220;simple&#8220; column_border_width=&#8220;none&#8220; column_border_style=&#8220;solid&#8220; gradient_type=&#8220;default&#8220; column_padding_type=&#8220;default&#8220;][nectar_highlighted_text color_type=&#8220;regular&#8220; highlight_color=&#8220;#e6007d&#8220; style=&#8220;regular_underline&#8220; highlight_expansion=&#8220;default&#8220; underline_thickness=&#8220;2px&#8220; text_direction=&#8220;default&#8220;]\n<h1>Wer sind wir und was machen wir?<\/h1>\n[\/nectar_highlighted_text][\/vc_column][\/vc_row][vc_row type=&#8220;in_container&#8220; full_screen_row_position=&#8220;middle&#8220; column_margin=&#8220;default&#8220; equal_height=&#8220;yes&#8220; content_placement=&#8220;top&#8220; column_direction=&#8220;default&#8220; column_direction_tablet=&#8220;default&#8220; column_direction_phone=&#8220;default&#8220; scene_position=&#8220;center&#8220; text_color=&#8220;dark&#8220; text_align=&#8220;left&#8220; row_border_radius=&#8220;none&#8220; row_border_radius_applies=&#8220;bg&#8220; row_position_desktop=&#8220;default&#8220; row_position_tablet=&#8220;inherit&#8220; row_position_phone=&#8220;inherit&#8220; overflow=&#8220;visible&#8220; overlay_strength=&#8220;0.3&#8243; gradient_direction=&#8220;left_to_right&#8220; shape_divider_position=&#8220;bottom&#8220; bg_image_animation=&#8220;none&#8220; gradient_type=&#8220;default&#8220; shape_type=&#8220;&#8220;][vc_column column_padding=&#8220;no-extra-padding&#8220; column_padding_tablet=&#8220;inherit&#8220; column_padding_phone=&#8220;inherit&#8220; column_padding_position=&#8220;all&#8220; flex_gap_desktop=&#8220;10px&#8220; column_element_direction_desktop=&#8220;default&#8220; column_element_spacing=&#8220;default&#8220; desktop_text_alignment=&#8220;default&#8220; tablet_text_alignment=&#8220;default&#8220; phone_text_alignment=&#8220;default&#8220; background_color_opacity=&#8220;1&#8243; background_hover_color_opacity=&#8220;1&#8243; column_backdrop_filter=&#8220;none&#8220; column_shadow=&#8220;none&#8220; column_border_radius=&#8220;none&#8220; column_link_target=&#8220;_self&#8220; column_position=&#8220;default&#8220; gradient_direction=&#8220;left_to_right&#8220; overlay_strength=&#8220;0.3&#8243; width=&#8220;1\/2&#8243; tablet_width_inherit=&#8220;default&#8220; animation_type=&#8220;default&#8220; bg_image_animation=&#8220;none&#8220; border_type=&#8220;simple&#8220; column_border_width=&#8220;none&#8220; column_border_style=&#8220;solid&#8220;][vc_column_text css=&#8220;&#8220; text_direction=&#8220;default&#8220;]Wir sind KingSize cargo products, eine Abteilung von HECO CARGO CONTROL. HECO CARGO CONTROL ist ein Logistik-Gro\u00dfh\u00e4ndler und Hersteller f\u00fcr den Transport- und Logistiksektor. Urspr\u00fcnglich 1986 als Hecotherm gegr\u00fcndet, haben wir uns 2018 in 2 Unternehmen aufgeteilt, n\u00e4mlich Hecotherm Greenhouse Supply und HECO CARGO CONTROL. Aufgrund des starken Wachstums und der Vielfalt der Produkte und Kunden wurde diese Dichotomie gew\u00e4hlt.<\/p>\n<p>HECO CARGO CONTROL begann als Ein-Mann-Betrieb und hat sich inzwischen zu einem ausgewachsenen Unternehmen mit mehr als 20 Mitarbeitern entwickelt. Unser Unternehmen war im Laufe der Jahre an verschiedenen Adressen untergebracht. Die derzeitige Adresse in der Van Heekstraat erf\u00fcllt alle unsere Bed\u00fcrfnisse, und es gibt auch Raum f\u00fcr Expansion und weitere Professionalisierung.<\/p>\n<p>Wir befinden uns im s&#8216;-Gravelandse Polder von Schiedam (an der Grenze zum Spaanse Polder von Rotterdam) und direkt an der Autobahn A20, also in zentraler Lage. Die Kunden fahren t\u00e4glich hin und her und wir selbst fahren t\u00e4glich auf dem Weg zu unseren Kunden ins Land.<\/p>\n<p>Die Idee f\u00fcr unsere eigene Einzelhandelslinie entstand 2016 in Form von 4Sure. Unter diesem Markennamen vermarkteten wir ein bescheidenes Sortiment an Spann- und Schnallenriemen. Da zu dieser Zeit zu wenig Aufmerksamkeit in diese Einzelhandelslinie gesteckt werden konnte, wurde die Idee auf Eis gelegt. Ein paar Jahre sp\u00e4ter, genauer gesagt im Jahr 2022, wurde dieser Einzelhandelslinie neues Leben eingehaucht und schlie\u00dflich der Name KingSize cargo products gew\u00e4hlt. Um die Verbindung zu HECO CARGO CONTROL aufrechtzuerhalten, ist das Hausetikett teilweise gleich (dunkelblau). M\u00f6chten Sie mehr \u00fcber HECO CARGO CONTROL erfahren? Dann klicken Sie <a href=\"https:\/\/hecocargocontrol.nl\" target=\"_blank\" rel=\"noopener\">HIER<\/a>[\/vc_column_text][\/vc_column][vc_column column_padding=&#8220;no-extra-padding&#8220; column_padding_tablet=&#8220;inherit&#8220; column_padding_phone=&#8220;inherit&#8220; column_padding_position=&#8220;all&#8220; flex_gap_desktop=&#8220;10px&#8220; column_element_direction_desktop=&#8220;default&#8220; column_element_spacing=&#8220;default&#8220; desktop_text_alignment=&#8220;default&#8220; tablet_text_alignment=&#8220;default&#8220; phone_text_alignment=&#8220;default&#8220; background_color_opacity=&#8220;1&#8243; background_hover_color_opacity=&#8220;1&#8243; column_backdrop_filter=&#8220;none&#8220; column_shadow=&#8220;none&#8220; column_border_radius=&#8220;none&#8220; column_link_target=&#8220;_self&#8220; column_position=&#8220;default&#8220; gradient_direction=&#8220;left_to_right&#8220; overlay_strength=&#8220;0.3&#8243; width=&#8220;1\/2&#8243; tablet_width_inherit=&#8220;default&#8220; animation_type=&#8220;default&#8220; bg_image_animation=&#8220;none&#8220; border_type=&#8220;simple&#8220; column_border_width=&#8220;none&#8220; column_border_style=&#8220;solid&#8220;][nectar_video_player_self_hosted video_mp4=&#8220;https:\/\/king-size.nl\/wp-content\/uploads\/2026\/01\/Filmpje-Beurs-Heco.mp4&#8243; player_functionality=&#8220;default&#8220; loop=&#8220;yes&#8220; autoplay=&#8220;yes&#8220; video_loading=&#8220;default&#8220; border_radius=&#8220;none&#8220; box_shadow=&#8220;none&#8220; advanced_gradient_display_type=&#8220;linear&#8220;][\/vc_column][\/vc_row]\n","protected":false},"excerpt":{"rendered":"<p>[vc_row type=&#8220;full_width_background&#8220; full_screen_row_position=&#8220;middle&#8220; column_margin=&#8220;default&#8220; column_direction=&#8220;default&#8220; column_direction_tablet=&#8220;default&#8220; column_direction_phone=&#8220;default&#8220; scene_position=&#8220;center&#8220; text_color=&#8220;dark&#8220; text_align=&#8220;left&#8220; row_border_radius=&#8220;none&#8220; row_border_radius_applies=&#8220;bg&#8220; row_position_desktop=&#8220;default&#8220; row_position_tablet=&#8220;inherit&#8220; row_position_phone=&#8220;inherit&#8220; overflow=&#8220;visible&#8220; color_overlay_2=&#8220;rgba(129,215,66,0.01)&#8220; advanced_gradient_angle=&#8220;0&#8243; overlay_strength=&#8220;1&#8243; gradient_direction=&#8220;top_to_bottom&#8220; shape_divider_color=&#8220;#ffffff&#8220; shape_divider_position=&#8220;top&#8220; shape_divider_height=&#8220;100px&#8220; shape_divider_bring_to_front=&#8220;true&#8220; bg_image_animation=&#8220;none&#8220; gradient_type=&#8220;default&#8220; shape_type=&#8220;tilt_alt&#8220;][vc_column column_padding=&#8220;padding-3-percent&#8220; column_padding_tablet=&#8220;inherit&#8220; column_padding_phone=&#8220;inherit&#8220;&#8230;<\/p>\n","protected":false},"author":1,"featured_media":0,"parent":0,"menu_order":0,"comment_status":"closed","ping_status":"closed","template":"","meta":{"footnotes":""},"class_list":["post-1701","page","type-page","status-publish"],"yoast_head":"<!-- This site is optimized with the Yoast SEO plugin v26.5 - https:\/\/yoast.com\/wordpress\/plugins\/seo\/ -->\n<title>\u00dcber uns - KingSize<\/title>\n<meta name=\"robots\" content=\"index, follow, max-snippet:-1, max-image-preview:large, max-video-preview:-1\" \/>\n<link rel=\"canonical\" href=\"https:\/\/king-size.nl\/de\/ueber-uns\/\" \/>\n<meta property=\"og:locale\" content=\"de_DE\" \/>\n<meta property=\"og:type\" content=\"article\" \/>\n<meta property=\"og:title\" content=\"\u00dcber uns - KingSize\" \/>\n<meta property=\"og:description\" content=\"[vc_row type=&#8220;full_width_background&#8220; full_screen_row_position=&#8220;middle&#8220; column_margin=&#8220;default&#8220; column_direction=&#8220;default&#8220; column_direction_tablet=&#8220;default&#8220; column_direction_phone=&#8220;default&#8220; scene_position=&#8220;center&#8220; text_color=&#8220;dark&#8220; text_align=&#8220;left&#8220; row_border_radius=&#8220;none&#8220; row_border_radius_applies=&#8220;bg&#8220; row_position_desktop=&#8220;default&#8220; row_position_tablet=&#8220;inherit&#8220; row_position_phone=&#8220;inherit&#8220; overflow=&#8220;visible&#8220; color_overlay_2=&#8220;rgba(129,215,66,0.01)&#8220; advanced_gradient_angle=&#8220;0&#8243; overlay_strength=&#8220;1&#8243; gradient_direction=&#8220;top_to_bottom&#8220; shape_divider_color=&#8220;#ffffff&#8220; shape_divider_position=&#8220;top&#8220; shape_divider_height=&#8220;100px&#8220; shape_divider_bring_to_front=&#8220;true&#8220; bg_image_animation=&#8220;none&#8220; gradient_type=&#8220;default&#8220; shape_type=&#8220;tilt_alt&#8220;][vc_column column_padding=&#8220;padding-3-percent&#8220; column_padding_tablet=&#8220;inherit&#8220; column_padding_phone=&#8220;inherit&#8220;...\" \/>\n<meta property=\"og:url\" content=\"https:\/\/king-size.nl\/de\/ueber-uns\/\" \/>\n<meta property=\"og:site_name\" content=\"KingSize\" \/>\n<meta property=\"article:modified_time\" content=\"2026-01-23T11:08:17+00:00\" \/>\n<meta name=\"twitter:card\" content=\"summary_large_image\" \/>\n<meta name=\"twitter:label1\" content=\"Gesch\u00e4tzte Lesezeit\" \/>\n\t<meta name=\"twitter:data1\" content=\"4\u00a0Minuten\" \/>\n<script type=\"application\/ld+json\" class=\"yoast-schema-graph\">{\"@context\":\"https:\/\/schema.org\",\"@graph\":[{\"@type\":\"WebPage\",\"@id\":\"https:\/\/king-size.nl\/de\/ueber-uns\/\",\"url\":\"https:\/\/king-size.nl\/de\/ueber-uns\/\",\"name\":\"\u00dcber uns - KingSize\",\"isPartOf\":{\"@id\":\"https:\/\/king-size.nl\/de\/#website\"},\"datePublished\":\"2025-01-20T12:43:16+00:00\",\"dateModified\":\"2026-01-23T11:08:17+00:00\",\"breadcrumb\":{\"@id\":\"https:\/\/king-size.nl\/de\/ueber-uns\/#breadcrumb\"},\"inLanguage\":\"de\",\"potentialAction\":[{\"@type\":\"ReadAction\",\"target\":[\"https:\/\/king-size.nl\/de\/ueber-uns\/\"]}]},{\"@type\":\"BreadcrumbList\",\"@id\":\"https:\/\/king-size.nl\/de\/ueber-uns\/#breadcrumb\",\"itemListElement\":[{\"@type\":\"ListItem\",\"position\":1,\"name\":\"Home\",\"item\":\"https:\/\/king-size.nl\/de\/startseite\/\"},{\"@type\":\"ListItem\",\"position\":2,\"name\":\"\u00dcber uns\"}]},{\"@type\":\"WebSite\",\"@id\":\"https:\/\/king-size.nl\/de\/#website\",\"url\":\"https:\/\/king-size.nl\/de\/\",\"name\":\"KingSize\",\"description\":\"\",\"publisher\":{\"@id\":\"https:\/\/king-size.nl\/de\/#organization\"},\"potentialAction\":[{\"@type\":\"SearchAction\",\"target\":{\"@type\":\"EntryPoint\",\"urlTemplate\":\"https:\/\/king-size.nl\/de\/?s={search_term_string}\"},\"query-input\":{\"@type\":\"PropertyValueSpecification\",\"valueRequired\":true,\"valueName\":\"search_term_string\"}}],\"inLanguage\":\"de\"},{\"@type\":\"Organization\",\"@id\":\"https:\/\/king-size.nl\/de\/#organization\",\"name\":\"KingSize\",\"url\":\"https:\/\/king-size.nl\/de\/\",\"logo\":{\"@type\":\"ImageObject\",\"inLanguage\":\"de\",\"@id\":\"https:\/\/king-size.nl\/de\/#\/schema\/logo\/image\/\",\"url\":\"https:\/\/king-size.nl\/wp-content\/uploads\/2025\/01\/kingsize.png\",\"contentUrl\":\"https:\/\/king-size.nl\/wp-content\/uploads\/2025\/01\/kingsize.png\",\"width\":1000,\"height\":281,\"caption\":\"KingSize\"},\"image\":{\"@id\":\"https:\/\/king-size.nl\/de\/#\/schema\/logo\/image\/\"}}]}<\/script>\n<!-- \/ Yoast SEO plugin. -->","yoast_head_json":{"title":"\u00dcber uns - KingSize","robots":{"index":"index","follow":"follow","max-snippet":"max-snippet:-1","max-image-preview":"max-image-preview:large","max-video-preview":"max-video-preview:-1"},"canonical":"https:\/\/king-size.nl\/de\/ueber-uns\/","og_locale":"de_DE","og_type":"article","og_title":"\u00dcber uns - KingSize","og_description":"[vc_row type=&#8220;full_width_background&#8220; full_screen_row_position=&#8220;middle&#8220; column_margin=&#8220;default&#8220; column_direction=&#8220;default&#8220; column_direction_tablet=&#8220;default&#8220; column_direction_phone=&#8220;default&#8220; scene_position=&#8220;center&#8220; text_color=&#8220;dark&#8220; text_align=&#8220;left&#8220; row_border_radius=&#8220;none&#8220; row_border_radius_applies=&#8220;bg&#8220; row_position_desktop=&#8220;default&#8220; row_position_tablet=&#8220;inherit&#8220; row_position_phone=&#8220;inherit&#8220; overflow=&#8220;visible&#8220; color_overlay_2=&#8220;rgba(129,215,66,0.01)&#8220; advanced_gradient_angle=&#8220;0&#8243; overlay_strength=&#8220;1&#8243; gradient_direction=&#8220;top_to_bottom&#8220; shape_divider_color=&#8220;#ffffff&#8220; shape_divider_position=&#8220;top&#8220; shape_divider_height=&#8220;100px&#8220; shape_divider_bring_to_front=&#8220;true&#8220; bg_image_animation=&#8220;none&#8220; gradient_type=&#8220;default&#8220; shape_type=&#8220;tilt_alt&#8220;][vc_column column_padding=&#8220;padding-3-percent&#8220; column_padding_tablet=&#8220;inherit&#8220; column_padding_phone=&#8220;inherit&#8220;...","og_url":"https:\/\/king-size.nl\/de\/ueber-uns\/","og_site_name":"KingSize","article_modified_time":"2026-01-23T11:08:17+00:00","twitter_card":"summary_large_image","twitter_misc":{"Gesch\u00e4tzte Lesezeit":"4\u00a0Minuten"},"schema":{"@context":"https:\/\/schema.org","@graph":[{"@type":"WebPage","@id":"https:\/\/king-size.nl\/de\/ueber-uns\/","url":"https:\/\/king-size.nl\/de\/ueber-uns\/","name":"\u00dcber uns - KingSize","isPartOf":{"@id":"https:\/\/king-size.nl\/de\/#website"},"datePublished":"2025-01-20T12:43:16+00:00","dateModified":"2026-01-23T11:08:17+00:00","breadcrumb":{"@id":"https:\/\/king-size.nl\/de\/ueber-uns\/#breadcrumb"},"inLanguage":"de","potentialAction":[{"@type":"ReadAction","target":["https:\/\/king-size.nl\/de\/ueber-uns\/"]}]},{"@type":"BreadcrumbList","@id":"https:\/\/king-size.nl\/de\/ueber-uns\/#breadcrumb","itemListElement":[{"@type":"ListItem","position":1,"name":"Home","item":"https:\/\/king-size.nl\/de\/startseite\/"},{"@type":"ListItem","position":2,"name":"\u00dcber uns"}]},{"@type":"WebSite","@id":"https:\/\/king-size.nl\/de\/#website","url":"https:\/\/king-size.nl\/de\/","name":"KingSize","description":"","publisher":{"@id":"https:\/\/king-size.nl\/de\/#organization"},"potentialAction":[{"@type":"SearchAction","target":{"@type":"EntryPoint","urlTemplate":"https:\/\/king-size.nl\/de\/?s={search_term_string}"},"query-input":{"@type":"PropertyValueSpecification","valueRequired":true,"valueName":"search_term_string"}}],"inLanguage":"de"},{"@type":"Organization","@id":"https:\/\/king-size.nl\/de\/#organization","name":"KingSize","url":"https:\/\/king-size.nl\/de\/","logo":{"@type":"ImageObject","inLanguage":"de","@id":"https:\/\/king-size.nl\/de\/#\/schema\/logo\/image\/","url":"https:\/\/king-size.nl\/wp-content\/uploads\/2025\/01\/kingsize.png","contentUrl":"https:\/\/king-size.nl\/wp-content\/uploads\/2025\/01\/kingsize.png","width":1000,"height":281,"caption":"KingSize"},"image":{"@id":"https:\/\/king-size.nl\/de\/#\/schema\/logo\/image\/"}}]}},"_links":{"self":[{"href":"https:\/\/king-size.nl\/de\/wp-json\/wp\/v2\/pages\/1701","targetHints":{"allow":["GET"]}}],"collection":[{"href":"https:\/\/king-size.nl\/de\/wp-json\/wp\/v2\/pages"}],"about":[{"href":"https:\/\/king-size.nl\/de\/wp-json\/wp\/v2\/types\/page"}],"author":[{"embeddable":true,"href":"https:\/\/king-size.nl\/de\/wp-json\/wp\/v2\/users\/1"}],"replies":[{"embeddable":true,"href":"https:\/\/king-size.nl\/de\/wp-json\/wp\/v2\/comments?post=1701"}],"version-history":[{"count":18,"href":"https:\/\/king-size.nl\/de\/wp-json\/wp\/v2\/pages\/1701\/revisions"}],"predecessor-version":[{"id":2797,"href":"https:\/\/king-size.nl\/de\/wp-json\/wp\/v2\/pages\/1701\/revisions\/2797"}],"wp:attachment":[{"href":"https:\/\/king-size.nl\/de\/wp-json\/wp\/v2\/media?parent=1701"}],"curies":[{"name":"wp","href":"https:\/\/api.w.org\/{rel}","templated":true}]}}