{"id":1594,"date":"2025-01-12T11:38:34","date_gmt":"2025-01-12T11:38:34","guid":{"rendered":"https:\/\/king-size.nl\/manueller-zurrgurt-2-teilig-ergo\/"},"modified":"2025-01-31T07:48:18","modified_gmt":"2025-01-31T07:48:18","slug":"manueller-zurrgurt-2-teilig-ergo","status":"publish","type":"page","link":"https:\/\/king-size.nl\/de\/manueller-zurrgurt-2-teilig-ergo\/","title":{"rendered":"Manueller Zurrgurt 2-teilig ERGO"},"content":{"rendered":"[vc_row type=&#8220;full_width_background&#8220; full_screen_row_position=&#8220;middle&#8220; column_margin=&#8220;default&#8220; column_direction=&#8220;default&#8220; column_direction_tablet=&#8220;default&#8220; column_direction_phone=&#8220;default&#8220; scene_position=&#8220;center&#8220; translate_y=&#8220;-50&#8243; text_color=&#8220;dark&#8220; text_align=&#8220;left&#8220; row_border_radius=&#8220;none&#8220; row_border_radius_applies=&#8220;bg&#8220; overflow=&#8220;visible&#8220; color_overlay_2=&#8220;rgba(129,215,66,0.01)&#8220; advanced_gradient_angle=&#8220;0&#8243; overlay_strength=&#8220;1&#8243; gradient_direction=&#8220;top_to_bottom&#8220; shape_divider_color=&#8220;#ffffff&#8220; shape_divider_position=&#8220;top&#8220; shape_divider_height=&#8220;100px&#8220; shape_divider_bring_to_front=&#8220;true&#8220; bg_image_animation=&#8220;none&#8220; gradient_type=&#8220;default&#8220; shape_type=&#8220;tilt_alt&#8220;][vc_column column_padding=&#8220;padding-3-percent&#8220; column_padding_tablet=&#8220;inherit&#8220; column_padding_phone=&#8220;inherit&#8220; column_padding_position=&#8220;top-bottom&#8220; top_margin=&#8220;5%&#8220; column_element_direction_desktop=&#8220;default&#8220; column_element_spacing=&#8220;default&#8220; desktop_text_alignment=&#8220;default&#8220; tablet_text_alignment=&#8220;default&#8220; phone_text_alignment=&#8220;default&#8220; background_color_opacity=&#8220;1&#8243; background_hover_color_opacity=&#8220;1&#8243; column_backdrop_filter=&#8220;none&#8220; font_color=&#8220;#ffffff&#8220; column_shadow=&#8220;none&#8220; column_border_radius=&#8220;none&#8220; column_link_target=&#8220;_self&#8220; column_position=&#8220;default&#8220; advanced_gradient_angle=&#8220;0&#8243; gradient_direction=&#8220;left_to_right&#8220; overlay_strength=&#8220;0.3&#8243; width=&#8220;1\/1&#8243; tablet_width_inherit=&#8220;default&#8220; animation_type=&#8220;default&#8220; bg_image_animation=&#8220;none&#8220; border_type=&#8220;simple&#8220; column_border_width=&#8220;none&#8220; column_border_style=&#8220;solid&#8220; gradient_type=&#8220;default&#8220; column_padding_type=&#8220;default&#8220;][vc_custom_heading text=&#8220;Manueller Zurrgurt 2-teilig ERGO&#8220; font_container=&#8220;tag:h1|text_align:center|color:%23e6007d&#8220; use_theme_fonts=&#8220;yes&#8220; css=&#8220;&#8220;][\/vc_column][\/vc_row][vc_row type=&#8220;full_width_background&#8220; full_screen_row_position=&#8220;middle&#8220; column_margin=&#8220;default&#8220; column_direction=&#8220;default&#8220; column_direction_tablet=&#8220;default&#8220; column_direction_phone=&#8220;default&#8220; bg_color=&#8220;#0e1731&#8243; scene_position=&#8220;center&#8220; bottom_padding=&#8220;10%&#8220; constrain_group_2=&#8220;yes&#8220; translate_y=&#8220;-50&#8243; text_color=&#8220;dark&#8220; text_align=&#8220;left&#8220; row_border_radius=&#8220;none&#8220; row_border_radius_applies=&#8220;bg&#8220; overflow=&#8220;visible&#8220; overlay_strength=&#8220;0.3&#8243; gradient_direction=&#8220;left_to_right&#8220; shape_divider_position=&#8220;bottom&#8220; bg_image_animation=&#8220;none&#8220; gradient_type=&#8220;default&#8220; shape_type=&#8220;&#8220;][vc_column column_padding=&#8220;padding-2-percent&#8220; column_padding_tablet=&#8220;inherit&#8220; column_padding_phone=&#8220;inherit&#8220; column_padding_position=&#8220;all&#8220; column_element_direction_desktop=&#8220;default&#8220; column_element_spacing=&#8220;default&#8220; desktop_text_alignment=&#8220;default&#8220; tablet_text_alignment=&#8220;default&#8220; phone_text_alignment=&#8220;default&#8220; background_color=&#8220;#ffffff&#8220; background_color_opacity=&#8220;1&#8243; background_hover_color_opacity=&#8220;1&#8243; column_backdrop_filter=&#8220;none&#8220; font_color=&#8220;#0e1731&#8243; column_shadow=&#8220;none&#8220; column_border_radius=&#8220;10px&#8220; column_link_target=&#8220;_self&#8220; column_position=&#8220;default&#8220; gradient_direction=&#8220;left_to_right&#8220; overlay_strength=&#8220;0.3&#8243; width=&#8220;1\/3&#8243; tablet_width_inherit=&#8220;default&#8220; animation_type=&#8220;default&#8220; bg_image_animation=&#8220;none&#8220; border_type=&#8220;simple&#8220; column_border_width=&#8220;none&#8220; column_border_style=&#8220;solid&#8220; column_padding_type=&#8220;default&#8220; gradient_type=&#8220;default&#8220;][image_with_animation image_url=&#8220;923&#8243; image_size=&#8220;full&#8220; animation_type=&#8220;entrance&#8220; animation=&#8220;None&#8220; animation_movement_type=&#8220;transform_y&#8220; hover_animation=&#8220;none&#8220; alignment=&#8220;&#8220; border_radius=&#8220;none&#8220; box_shadow=&#8220;none&#8220; image_loading=&#8220;default&#8220; max_width=&#8220;100%&#8220; max_width_mobile=&#8220;default&#8220;][vc_row_inner column_margin=&#8220;default&#8220; column_direction=&#8220;default&#8220; column_direction_tablet=&#8220;default&#8220; column_direction_phone=&#8220;default&#8220; text_align=&#8220;left&#8220; row_position=&#8220;default&#8220; row_position_tablet=&#8220;inherit&#8220; row_position_phone=&#8220;inherit&#8220; overflow=&#8220;visible&#8220; pointer_events=&#8220;all&#8220;][vc_column_inner column_padding=&#8220;no-extra-padding&#8220; column_padding_tablet=&#8220;inherit&#8220; column_padding_phone=&#8220;inherit&#8220; column_padding_position=&#8220;all&#8220; column_element_direction_desktop=&#8220;default&#8220; column_element_spacing=&#8220;default&#8220; desktop_text_alignment=&#8220;default&#8220; tablet_text_alignment=&#8220;default&#8220; phone_text_alignment=&#8220;default&#8220; background_color_opacity=&#8220;1&#8243; background_hover_color_opacity=&#8220;1&#8243; column_backdrop_filter=&#8220;none&#8220; column_shadow=&#8220;none&#8220; column_border_radius=&#8220;none&#8220; column_link_target=&#8220;_self&#8220; overflow=&#8220;visible&#8220; gradient_direction=&#8220;left_to_right&#8220; overlay_strength=&#8220;0.3&#8243; width=&#8220;1\/1&#8243; tablet_width_inherit=&#8220;default&#8220; animation_type=&#8220;default&#8220; bg_image_animation=&#8220;none&#8220; border_type=&#8220;simple&#8220; column_border_width=&#8220;none&#8220; column_border_style=&#8220;solid&#8220;][nectar_responsive_text inherited_font_style=&#8220;default&#8220; text_direction=&#8220;default&#8220;]\n<ol>\n<li>Legen Sie den Gurt um den zu spannenden Gegenstand und vergewissern Sie sich, dass der Gurt nicht verrutscht ist.<\/li>\n<\/ol>\n[\/nectar_responsive_text][\/vc_column_inner][\/vc_row_inner][\/vc_column][vc_column column_padding=&#8220;padding-2-percent&#8220; column_padding_tablet=&#8220;inherit&#8220; column_padding_phone=&#8220;inherit&#8220; column_padding_position=&#8220;all&#8220; column_element_direction_desktop=&#8220;default&#8220; column_element_spacing=&#8220;default&#8220; desktop_text_alignment=&#8220;default&#8220; tablet_text_alignment=&#8220;default&#8220; phone_text_alignment=&#8220;default&#8220; background_color=&#8220;#ffffff&#8220; background_color_opacity=&#8220;1&#8243; background_hover_color_opacity=&#8220;1&#8243; column_backdrop_filter=&#8220;none&#8220; font_color=&#8220;#0e1731&#8243; column_shadow=&#8220;none&#8220; column_border_radius=&#8220;10px&#8220; column_link_target=&#8220;_self&#8220; column_position=&#8220;default&#8220; gradient_direction=&#8220;left_to_right&#8220; overlay_strength=&#8220;0.3&#8243; width=&#8220;1\/3&#8243; tablet_width_inherit=&#8220;default&#8220; animation_type=&#8220;default&#8220; bg_image_animation=&#8220;none&#8220; border_type=&#8220;simple&#8220; column_border_width=&#8220;none&#8220; column_border_style=&#8220;solid&#8220; column_padding_type=&#8220;default&#8220; gradient_type=&#8220;default&#8220;][image_with_animation image_url=&#8220;925&#8243; image_size=&#8220;full&#8220; animation_type=&#8220;entrance&#8220; animation=&#8220;None&#8220; animation_movement_type=&#8220;transform_y&#8220; hover_animation=&#8220;none&#8220; alignment=&#8220;&#8220; border_radius=&#8220;none&#8220; box_shadow=&#8220;none&#8220; image_loading=&#8220;default&#8220; max_width=&#8220;100%&#8220; max_width_mobile=&#8220;default&#8220;][vc_row_inner column_margin=&#8220;default&#8220; column_direction=&#8220;default&#8220; column_direction_tablet=&#8220;default&#8220; column_direction_phone=&#8220;default&#8220; text_align=&#8220;left&#8220; row_position=&#8220;default&#8220; row_position_tablet=&#8220;inherit&#8220; row_position_phone=&#8220;inherit&#8220; overflow=&#8220;visible&#8220; pointer_events=&#8220;all&#8220;][vc_column_inner column_padding=&#8220;no-extra-padding&#8220; column_padding_tablet=&#8220;inherit&#8220; column_padding_phone=&#8220;inherit&#8220; column_padding_position=&#8220;all&#8220; column_element_direction_desktop=&#8220;default&#8220; column_element_spacing=&#8220;default&#8220; desktop_text_alignment=&#8220;default&#8220; tablet_text_alignment=&#8220;default&#8220; phone_text_alignment=&#8220;default&#8220; background_color_opacity=&#8220;1&#8243; background_hover_color_opacity=&#8220;1&#8243; column_backdrop_filter=&#8220;none&#8220; column_shadow=&#8220;none&#8220; column_border_radius=&#8220;none&#8220; column_link_target=&#8220;_self&#8220; overflow=&#8220;visible&#8220; gradient_direction=&#8220;left_to_right&#8220; overlay_strength=&#8220;0.3&#8243; width=&#8220;1\/1&#8243; tablet_width_inherit=&#8220;default&#8220; animation_type=&#8220;default&#8220; bg_image_animation=&#8220;none&#8220; border_type=&#8220;simple&#8220; column_border_width=&#8220;none&#8220; column_border_style=&#8220;solid&#8220;][nectar_responsive_text inherited_font_style=&#8220;default&#8220; text_direction=&#8220;default&#8220;]\n<ol start=\"2\">\n<li>F\u00fchren Sie den Gurt durch die Vorderseite der Ratsche und dann durch die Spule und spannen Sie den Gurt. Spannen Sie dann den Gurt, indem Sie ihn so fest wie m\u00f6glich ziehen. Mit der Ergo-Ratsche k\u00f6nnen Sie den Gurt durch eine Zugbewegung immer fester spannen.   Achten Sie dabei darauf, dass der Gurt nicht an scharfen Kanten vorbeil\u00e4uft, da dies zu Sch\u00e4den am Gurt f\u00fchren kann. Sollte dies der Fall sein, verwenden Sie gegebenenfalls eine Schutzecke oder eine Schutzh\u00fclle.<\/li>\n<\/ol>\n[\/nectar_responsive_text][\/vc_column_inner][\/vc_row_inner][\/vc_column][vc_column column_padding=&#8220;padding-2-percent&#8220; column_padding_tablet=&#8220;inherit&#8220; column_padding_phone=&#8220;inherit&#8220; column_padding_position=&#8220;all&#8220; column_element_direction_desktop=&#8220;default&#8220; column_element_spacing=&#8220;default&#8220; desktop_text_alignment=&#8220;default&#8220; tablet_text_alignment=&#8220;default&#8220; phone_text_alignment=&#8220;default&#8220; background_color=&#8220;#ffffff&#8220; background_color_opacity=&#8220;1&#8243; background_hover_color_opacity=&#8220;1&#8243; column_backdrop_filter=&#8220;none&#8220; font_color=&#8220;#0e1731&#8243; column_shadow=&#8220;none&#8220; column_border_radius=&#8220;10px&#8220; column_link_target=&#8220;_self&#8220; column_position=&#8220;default&#8220; gradient_direction=&#8220;left_to_right&#8220; overlay_strength=&#8220;0.3&#8243; width=&#8220;1\/3&#8243; tablet_width_inherit=&#8220;default&#8220; animation_type=&#8220;default&#8220; bg_image_animation=&#8220;none&#8220; border_type=&#8220;simple&#8220; column_border_width=&#8220;none&#8220; column_border_style=&#8220;solid&#8220; column_padding_type=&#8220;default&#8220; gradient_type=&#8220;default&#8220;][image_with_animation image_url=&#8220;924&#8243; image_size=&#8220;full&#8220; animation_type=&#8220;entrance&#8220; animation=&#8220;None&#8220; animation_movement_type=&#8220;transform_y&#8220; hover_animation=&#8220;none&#8220; alignment=&#8220;&#8220; border_radius=&#8220;none&#8220; box_shadow=&#8220;none&#8220; image_loading=&#8220;default&#8220; max_width=&#8220;100%&#8220; max_width_mobile=&#8220;default&#8220;][vc_row_inner column_margin=&#8220;default&#8220; column_direction=&#8220;default&#8220; column_direction_tablet=&#8220;default&#8220; column_direction_phone=&#8220;default&#8220; text_align=&#8220;left&#8220; row_position=&#8220;default&#8220; row_position_tablet=&#8220;inherit&#8220; row_position_phone=&#8220;inherit&#8220; overflow=&#8220;visible&#8220; pointer_events=&#8220;all&#8220;][vc_column_inner column_padding=&#8220;no-extra-padding&#8220; column_padding_tablet=&#8220;inherit&#8220; column_padding_phone=&#8220;inherit&#8220; column_padding_position=&#8220;all&#8220; column_element_direction_desktop=&#8220;default&#8220; column_element_spacing=&#8220;default&#8220; desktop_text_alignment=&#8220;default&#8220; tablet_text_alignment=&#8220;default&#8220; phone_text_alignment=&#8220;default&#8220; background_color_opacity=&#8220;1&#8243; background_hover_color_opacity=&#8220;1&#8243; column_backdrop_filter=&#8220;none&#8220; column_shadow=&#8220;none&#8220; column_border_radius=&#8220;none&#8220; column_link_target=&#8220;_self&#8220; overflow=&#8220;visible&#8220; gradient_direction=&#8220;left_to_right&#8220; overlay_strength=&#8220;0.3&#8243; width=&#8220;1\/1&#8243; tablet_width_inherit=&#8220;default&#8220; animation_type=&#8220;default&#8220; bg_image_animation=&#8220;none&#8220; border_type=&#8220;simple&#8220; column_border_width=&#8220;none&#8220; column_border_style=&#8220;solid&#8220;][nectar_responsive_text inherited_font_style=&#8220;default&#8220; text_direction=&#8220;default&#8220;]\n<ol start=\"3\">\n<li>Rollen Sie das \u00fcbersch\u00fcssige St\u00fcck Klebeband auf und befestigen Sie es mit einem Gummiband oder sorgen Sie daf\u00fcr, dass es sicher aufbewahrt wird. Lose flatterndes Klebeband ist beim Transport gef\u00e4hrlich.<\/li>\n<\/ol>\n[\/nectar_responsive_text][\/vc_column_inner][\/vc_row_inner][\/vc_column][\/vc_row]\n","protected":false},"excerpt":{"rendered":"<p>[vc_row type=&#8220;full_width_background&#8220; full_screen_row_position=&#8220;middle&#8220; column_margin=&#8220;default&#8220; column_direction=&#8220;default&#8220; column_direction_tablet=&#8220;default&#8220; column_direction_phone=&#8220;default&#8220; scene_position=&#8220;center&#8220; translate_y=&#8220;-50&#8243; text_color=&#8220;dark&#8220; text_align=&#8220;left&#8220; row_border_radius=&#8220;none&#8220; row_border_radius_applies=&#8220;bg&#8220; overflow=&#8220;visible&#8220; color_overlay_2=&#8220;rgba(129,215,66,0.01)&#8220; advanced_gradient_angle=&#8220;0&#8243; overlay_strength=&#8220;1&#8243; gradient_direction=&#8220;top_to_bottom&#8220; shape_divider_color=&#8220;#ffffff&#8220; shape_divider_position=&#8220;top&#8220; shape_divider_height=&#8220;100px&#8220; shape_divider_bring_to_front=&#8220;true&#8220; bg_image_animation=&#8220;none&#8220; gradient_type=&#8220;default&#8220; shape_type=&#8220;tilt_alt&#8220;][vc_column column_padding=&#8220;padding-3-percent&#8220; column_padding_tablet=&#8220;inherit&#8220; column_padding_phone=&#8220;inherit&#8220; column_padding_position=&#8220;top-bottom&#8220; top_margin=&#8220;5%&#8220;&#8230;<\/p>\n","protected":false},"author":1,"featured_media":0,"parent":0,"menu_order":0,"comment_status":"closed","ping_status":"closed","template":"","meta":{"footnotes":""},"class_list":["post-1594","page","type-page","status-publish"],"yoast_head":"<!-- This site is optimized with the Yoast SEO plugin v26.5 - https:\/\/yoast.com\/wordpress\/plugins\/seo\/ -->\n<title>Manueller Zurrgurt 2-teilig ERGO - KingSize<\/title>\n<meta name=\"robots\" content=\"index, follow, max-snippet:-1, max-image-preview:large, max-video-preview:-1\" \/>\n<link rel=\"canonical\" href=\"https:\/\/king-size.nl\/de\/manueller-zurrgurt-2-teilig-ergo\/\" \/>\n<meta property=\"og:locale\" content=\"de_DE\" \/>\n<meta property=\"og:type\" content=\"article\" \/>\n<meta property=\"og:title\" content=\"Manueller Zurrgurt 2-teilig ERGO - KingSize\" \/>\n<meta property=\"og:description\" content=\"[vc_row type=&#8220;full_width_background&#8220; full_screen_row_position=&#8220;middle&#8220; column_margin=&#8220;default&#8220; column_direction=&#8220;default&#8220; column_direction_tablet=&#8220;default&#8220; column_direction_phone=&#8220;default&#8220; scene_position=&#8220;center&#8220; translate_y=&#8220;-50&#8243; text_color=&#8220;dark&#8220; text_align=&#8220;left&#8220; row_border_radius=&#8220;none&#8220; row_border_radius_applies=&#8220;bg&#8220; overflow=&#8220;visible&#8220; color_overlay_2=&#8220;rgba(129,215,66,0.01)&#8220; advanced_gradient_angle=&#8220;0&#8243; overlay_strength=&#8220;1&#8243; gradient_direction=&#8220;top_to_bottom&#8220; shape_divider_color=&#8220;#ffffff&#8220; shape_divider_position=&#8220;top&#8220; shape_divider_height=&#8220;100px&#8220; shape_divider_bring_to_front=&#8220;true&#8220; bg_image_animation=&#8220;none&#8220; gradient_type=&#8220;default&#8220; shape_type=&#8220;tilt_alt&#8220;][vc_column column_padding=&#8220;padding-3-percent&#8220; column_padding_tablet=&#8220;inherit&#8220; column_padding_phone=&#8220;inherit&#8220; column_padding_position=&#8220;top-bottom&#8220; top_margin=&#8220;5%&#8220;...\" \/>\n<meta property=\"og:url\" content=\"https:\/\/king-size.nl\/de\/manueller-zurrgurt-2-teilig-ergo\/\" \/>\n<meta property=\"og:site_name\" content=\"KingSize\" \/>\n<meta property=\"article:modified_time\" content=\"2025-01-31T07:48:18+00:00\" \/>\n<meta name=\"twitter:card\" content=\"summary_large_image\" \/>\n<meta name=\"twitter:label1\" content=\"Gesch\u00e4tzte Lesezeit\" \/>\n\t<meta name=\"twitter:data1\" content=\"7\u00a0Minuten\" \/>\n<script type=\"application\/ld+json\" class=\"yoast-schema-graph\">{\"@context\":\"https:\/\/schema.org\",\"@graph\":[{\"@type\":\"WebPage\",\"@id\":\"https:\/\/king-size.nl\/de\/manueller-zurrgurt-2-teilig-ergo\/\",\"url\":\"https:\/\/king-size.nl\/de\/manueller-zurrgurt-2-teilig-ergo\/\",\"name\":\"Manueller Zurrgurt 2-teilig ERGO - KingSize\",\"isPartOf\":{\"@id\":\"https:\/\/king-size.nl\/de\/#website\"},\"datePublished\":\"2025-01-12T11:38:34+00:00\",\"dateModified\":\"2025-01-31T07:48:18+00:00\",\"breadcrumb\":{\"@id\":\"https:\/\/king-size.nl\/de\/manueller-zurrgurt-2-teilig-ergo\/#breadcrumb\"},\"inLanguage\":\"de\",\"potentialAction\":[{\"@type\":\"ReadAction\",\"target\":[\"https:\/\/king-size.nl\/de\/manueller-zurrgurt-2-teilig-ergo\/\"]}]},{\"@type\":\"BreadcrumbList\",\"@id\":\"https:\/\/king-size.nl\/de\/manueller-zurrgurt-2-teilig-ergo\/#breadcrumb\",\"itemListElement\":[{\"@type\":\"ListItem\",\"position\":1,\"name\":\"Home\",\"item\":\"https:\/\/king-size.nl\/de\/startseite\/\"},{\"@type\":\"ListItem\",\"position\":2,\"name\":\"Manueller Zurrgurt 2-teilig ERGO\"}]},{\"@type\":\"WebSite\",\"@id\":\"https:\/\/king-size.nl\/de\/#website\",\"url\":\"https:\/\/king-size.nl\/de\/\",\"name\":\"KingSize\",\"description\":\"\",\"publisher\":{\"@id\":\"https:\/\/king-size.nl\/de\/#organization\"},\"potentialAction\":[{\"@type\":\"SearchAction\",\"target\":{\"@type\":\"EntryPoint\",\"urlTemplate\":\"https:\/\/king-size.nl\/de\/?s={search_term_string}\"},\"query-input\":{\"@type\":\"PropertyValueSpecification\",\"valueRequired\":true,\"valueName\":\"search_term_string\"}}],\"inLanguage\":\"de\"},{\"@type\":\"Organization\",\"@id\":\"https:\/\/king-size.nl\/de\/#organization\",\"name\":\"KingSize\",\"url\":\"https:\/\/king-size.nl\/de\/\",\"logo\":{\"@type\":\"ImageObject\",\"inLanguage\":\"de\",\"@id\":\"https:\/\/king-size.nl\/de\/#\/schema\/logo\/image\/\",\"url\":\"https:\/\/king-size.nl\/wp-content\/uploads\/2025\/01\/kingsize.png\",\"contentUrl\":\"https:\/\/king-size.nl\/wp-content\/uploads\/2025\/01\/kingsize.png\",\"width\":1000,\"height\":281,\"caption\":\"KingSize\"},\"image\":{\"@id\":\"https:\/\/king-size.nl\/de\/#\/schema\/logo\/image\/\"}}]}<\/script>\n<!-- \/ Yoast SEO plugin. -->","yoast_head_json":{"title":"Manueller Zurrgurt 2-teilig ERGO - KingSize","robots":{"index":"index","follow":"follow","max-snippet":"max-snippet:-1","max-image-preview":"max-image-preview:large","max-video-preview":"max-video-preview:-1"},"canonical":"https:\/\/king-size.nl\/de\/manueller-zurrgurt-2-teilig-ergo\/","og_locale":"de_DE","og_type":"article","og_title":"Manueller Zurrgurt 2-teilig ERGO - KingSize","og_description":"[vc_row type=&#8220;full_width_background&#8220; full_screen_row_position=&#8220;middle&#8220; column_margin=&#8220;default&#8220; column_direction=&#8220;default&#8220; column_direction_tablet=&#8220;default&#8220; column_direction_phone=&#8220;default&#8220; scene_position=&#8220;center&#8220; translate_y=&#8220;-50&#8243; text_color=&#8220;dark&#8220; text_align=&#8220;left&#8220; row_border_radius=&#8220;none&#8220; row_border_radius_applies=&#8220;bg&#8220; overflow=&#8220;visible&#8220; color_overlay_2=&#8220;rgba(129,215,66,0.01)&#8220; advanced_gradient_angle=&#8220;0&#8243; overlay_strength=&#8220;1&#8243; gradient_direction=&#8220;top_to_bottom&#8220; shape_divider_color=&#8220;#ffffff&#8220; shape_divider_position=&#8220;top&#8220; shape_divider_height=&#8220;100px&#8220; shape_divider_bring_to_front=&#8220;true&#8220; bg_image_animation=&#8220;none&#8220; gradient_type=&#8220;default&#8220; shape_type=&#8220;tilt_alt&#8220;][vc_column column_padding=&#8220;padding-3-percent&#8220; column_padding_tablet=&#8220;inherit&#8220; column_padding_phone=&#8220;inherit&#8220; column_padding_position=&#8220;top-bottom&#8220; top_margin=&#8220;5%&#8220;...","og_url":"https:\/\/king-size.nl\/de\/manueller-zurrgurt-2-teilig-ergo\/","og_site_name":"KingSize","article_modified_time":"2025-01-31T07:48:18+00:00","twitter_card":"summary_large_image","twitter_misc":{"Gesch\u00e4tzte Lesezeit":"7\u00a0Minuten"},"schema":{"@context":"https:\/\/schema.org","@graph":[{"@type":"WebPage","@id":"https:\/\/king-size.nl\/de\/manueller-zurrgurt-2-teilig-ergo\/","url":"https:\/\/king-size.nl\/de\/manueller-zurrgurt-2-teilig-ergo\/","name":"Manueller Zurrgurt 2-teilig ERGO - KingSize","isPartOf":{"@id":"https:\/\/king-size.nl\/de\/#website"},"datePublished":"2025-01-12T11:38:34+00:00","dateModified":"2025-01-31T07:48:18+00:00","breadcrumb":{"@id":"https:\/\/king-size.nl\/de\/manueller-zurrgurt-2-teilig-ergo\/#breadcrumb"},"inLanguage":"de","potentialAction":[{"@type":"ReadAction","target":["https:\/\/king-size.nl\/de\/manueller-zurrgurt-2-teilig-ergo\/"]}]},{"@type":"BreadcrumbList","@id":"https:\/\/king-size.nl\/de\/manueller-zurrgurt-2-teilig-ergo\/#breadcrumb","itemListElement":[{"@type":"ListItem","position":1,"name":"Home","item":"https:\/\/king-size.nl\/de\/startseite\/"},{"@type":"ListItem","position":2,"name":"Manueller Zurrgurt 2-teilig ERGO"}]},{"@type":"WebSite","@id":"https:\/\/king-size.nl\/de\/#website","url":"https:\/\/king-size.nl\/de\/","name":"KingSize","description":"","publisher":{"@id":"https:\/\/king-size.nl\/de\/#organization"},"potentialAction":[{"@type":"SearchAction","target":{"@type":"EntryPoint","urlTemplate":"https:\/\/king-size.nl\/de\/?s={search_term_string}"},"query-input":{"@type":"PropertyValueSpecification","valueRequired":true,"valueName":"search_term_string"}}],"inLanguage":"de"},{"@type":"Organization","@id":"https:\/\/king-size.nl\/de\/#organization","name":"KingSize","url":"https:\/\/king-size.nl\/de\/","logo":{"@type":"ImageObject","inLanguage":"de","@id":"https:\/\/king-size.nl\/de\/#\/schema\/logo\/image\/","url":"https:\/\/king-size.nl\/wp-content\/uploads\/2025\/01\/kingsize.png","contentUrl":"https:\/\/king-size.nl\/wp-content\/uploads\/2025\/01\/kingsize.png","width":1000,"height":281,"caption":"KingSize"},"image":{"@id":"https:\/\/king-size.nl\/de\/#\/schema\/logo\/image\/"}}]}},"_links":{"self":[{"href":"https:\/\/king-size.nl\/de\/wp-json\/wp\/v2\/pages\/1594","targetHints":{"allow":["GET"]}}],"collection":[{"href":"https:\/\/king-size.nl\/de\/wp-json\/wp\/v2\/pages"}],"about":[{"href":"https:\/\/king-size.nl\/de\/wp-json\/wp\/v2\/types\/page"}],"author":[{"embeddable":true,"href":"https:\/\/king-size.nl\/de\/wp-json\/wp\/v2\/users\/1"}],"replies":[{"embeddable":true,"href":"https:\/\/king-size.nl\/de\/wp-json\/wp\/v2\/comments?post=1594"}],"version-history":[{"count":2,"href":"https:\/\/king-size.nl\/de\/wp-json\/wp\/v2\/pages\/1594\/revisions"}],"predecessor-version":[{"id":1602,"href":"https:\/\/king-size.nl\/de\/wp-json\/wp\/v2\/pages\/1594\/revisions\/1602"}],"wp:attachment":[{"href":"https:\/\/king-size.nl\/de\/wp-json\/wp\/v2\/media?parent=1594"}],"curies":[{"name":"wp","href":"https:\/\/api.w.org\/{rel}","templated":true}]}}